{"id":351,"date":"2025-03-12T17:28:02","date_gmt":"2025-03-12T17:28:02","guid":{"rendered":"https:\/\/wolframknauer.de\/?page_id=351"},"modified":"2025-07-18T17:06:15","modified_gmt":"2025-07-18T17:06:15","slug":"book-reviews","status":"publish","type":"page","link":"https:\/\/wolframknauer.de\/en\/book-reviews","title":{"rendered":"book reviews"},"content":{"rendered":"<p>Since 2001 I have written book reviews for the <a href=\"http:\/\/buecher.jazzinstitut.de\/\" target=\"_blank\" rel=\"noreferrer noopener\">website of the Jazzinstitut Darmstadt.<\/a> As I have been asked about reviews of current books, I have decided to continue this series on my own website.<\/p>\n\n\n\n<figure class=\"wp-block-table\"><table class=\"has-fixed-layout\"><tbody><tr><td><a href=\"https:\/\/wolframknauer.de\/en\/books-2023\/#2023prouty\" data-type=\"post\" data-id=\"424\"><img decoding=\"async\" src=\"https:\/\/wolframknauer.de\/wp-content\/uploads\/2025\/07\/image-644x1024.png\" alt=\"\"><\/a><\/td><td><a href=\"https:\/\/wolframknauer.de\/en\/books-2025\/#2025chambers\" data-type=\"post\" data-id=\"316\"><img decoding=\"async\" src=\"https:\/\/wolframknauer.de\/wp-content\/uploads\/2025\/03\/image-7-692x1024.png\" alt=\"\"><\/a><\/td><\/tr><tr><td><a href=\"https:\/\/wolframknauer.de\/en\/books-2025\/#2025chapman\" data-type=\"post\" data-id=\"316\"><img decoding=\"async\" src=\"https:\/\/wolframknauer.de\/wp-content\/uploads\/2025\/03\/image-6.png\" alt=\"\"><\/a><\/td><td><a href=\"https:\/\/wolframknauer.de\/en\/books-2025\/#2025riccardi\" data-type=\"post\" data-id=\"319\"><img decoding=\"async\" src=\"https:\/\/wolframknauer.de\/wp-content\/uploads\/2025\/03\/image-5.png\" alt=\"\"><\/a><br><a href=\"https:\/\/wolframknauer.de\/en\/books-2024\/#2024tomita\"><\/a><\/td><\/tr><tr><td><a href=\"https:\/\/wolframknauer.de\/en\/books-2025\/#2025spicer\" data-type=\"post\" data-id=\"316\"><img decoding=\"async\" src=\"https:\/\/wolframknauer.de\/wp-content\/uploads\/2024\/08\/image-5-675x1024.png\" alt=\"\"><\/a><\/td><td><a href=\"https:\/\/wolframknauer.de\/en\/books-2024\/#2024johnson\" data-type=\"post\" data-id=\"319\"><img decoding=\"async\" src=\"https:\/\/wolframknauer.de\/wp-content\/uploads\/2024\/08\/image-1.png\" alt=\"\"><\/a><\/td><\/tr><tr><td><a href=\"https:\/\/wolframknauer.de\/en\/books-2024\/#2024adler\" data-type=\"post\" data-id=\"319\"><img decoding=\"async\" src=\"https:\/\/cymbalpress.com\/wp-content\/uploads\/2024\/09\/front-sept-7-web-660px.jpg\" alt=\"\"><\/a><\/td><td><a href=\"https:\/\/wolframknauer.de\/en\/books-2024\/#2024tomita\" data-type=\"post\" data-id=\"319\"><img decoding=\"async\" src=\"https:\/\/wolframknauer.de\/wp-content\/uploads\/2024\/08\/image.png\" alt=\"\"><\/a><\/td><\/tr><\/tbody><\/table><\/figure>\n\n\n\n<p><a href=\"https:\/\/wolframknauer.de\/en\/books-2025\/\" data-type=\"post\" data-id=\"316\">reviews of books published in 2025<\/a>.<br><a href=\"https:\/\/wolframknauer.de\/en\/books-2024\/\" data-type=\"post\" data-id=\"319\">reviews of books published in 2024<\/a>.<\/p>","protected":false},"excerpt":{"rendered":"<p>Seit 2001 habe ich auf der Website des Jazzinstituts Darmstadt Buch-Neuerscheinungen vorgestellt. Da ich immer wieder nach Rezensionen aktueller B\u00fccher gefragt werde, f\u00fchre ich diese Rubrik der book reviews nun auf meiner eigenen Website fort. Rezensionen von B\u00fcchern, die 2025 erschienen sind.Rezensionen von B\u00fcchern, die 2024 erschienen sind.<\/p>","protected":false},"author":1,"featured_media":0,"parent":0,"menu_order":0,"comment_status":"closed","ping_status":"closed","template":"","meta":{"footnotes":""},"class_list":["post-351","page","type-page","status-publish","hentry"],"_links":{"self":[{"href":"https:\/\/wolframknauer.de\/en\/wp-json\/wp\/v2\/pages\/351","targetHints":{"allow":["GET"]}}],"collection":[{"href":"https:\/\/wolframknauer.de\/en\/wp-json\/wp\/v2\/pages"}],"about":[{"href":"https:\/\/wolframknauer.de\/en\/wp-json\/wp\/v2\/types\/page"}],"author":[{"embeddable":true,"href":"https:\/\/wolframknauer.de\/en\/wp-json\/wp\/v2\/users\/1"}],"replies":[{"embeddable":true,"href":"https:\/\/wolframknauer.de\/en\/wp-json\/wp\/v2\/comments?post=351"}],"version-history":[{"count":6,"href":"https:\/\/wolframknauer.de\/en\/wp-json\/wp\/v2\/pages\/351\/revisions"}],"predecessor-version":[{"id":436,"href":"https:\/\/wolframknauer.de\/en\/wp-json\/wp\/v2\/pages\/351\/revisions\/436"}],"wp:attachment":[{"href":"https:\/\/wolframknauer.de\/en\/wp-json\/wp\/v2\/media?parent=351"}],"curies":[{"name":"wp","href":"https:\/\/api.w.org\/{rel}","templated":true}]}}