{"id":341,"date":"2025-03-12T16:32:14","date_gmt":"2025-03-12T16:32:14","guid":{"rendered":"https:\/\/wolframknauer.de\/?page_id=341"},"modified":"2026-03-03T11:07:29","modified_gmt":"2026-03-03T11:07:29","slug":"essays","status":"publish","type":"page","link":"https:\/\/wolframknauer.de\/en\/essays","title":{"rendered":"Essays"},"content":{"rendered":"<p>A selection of essays and lectures that I have written or given over the years; here, where possible, supplemented with illustrations and musical examples.<\/p>\n\n\n\n<figure class=\"wp-block-table\"><table class=\"has-fixed-layout\"><tbody><tr><td class=\"translation-block\"><strong><a href=\"https:\/\/wolframknauer.de\/en\/melba-liston\/\" data-type=\"post\" data-id=\"484\" target=\"_self\">Melba Liston<\/a><\/strong><br><br>\nPortrait of trombonist and arranger Melba Liston with audio examples (extended long version of my \u201cDetour Ahead\u201d column from <em>Jazz Podium<\/em>, 2\u20113\/2025)<\/td><td><img decoding=\"async\" src=\"https:\/\/wolframknauer.de\/wp-content\/uploads\/2026\/03\/image.png\" alt=\"Melba Liston, 1980 (Wolfram Knauer)\"><\/td><\/tr><\/tbody><\/table><\/figure>\n\n\n\n<figure class=\"wp-block-table\"><table class=\"has-fixed-layout\"><tbody><tr><td><img decoding=\"async\" src=\"https:\/\/wolframknauer.de\/wp-content\/uploads\/2026\/02\/image.png\" alt=\"Janusz Stefanski (2016) Foto: Frank C. M\u00fcller\"><\/td><td><a href=\"https:\/\/wolframknauer.de\/en\/janusz-stefanski\/\" data-type=\"post\" data-id=\"467\"><strong>Janusz Stefanski<\/strong><\/a><br><br>Hosting a benefit for Janusz Stefa\u0144ski on October 6, 2002<\/td><\/tr><\/tbody><\/table><\/figure>\n\n\n\n<figure class=\"wp-block-table\"><table class=\"has-fixed-layout\"><tbody><tr><td class=\"translation-block\"><strong><a href=\"https:\/\/wolframknauer.de\/en\/ellington-braucht-sich-nicht-zu-fuerchten-eine-reise-nach-newport\/\" data-type=\"post\" data-id=\"441\" target=\"_self\">International Youth Band at Newport 1958<\/a><\/strong><br><br>In the spring of 1958, George Wein and Marshall Brown auditioned 17 young European musicians for a big band that was to perform at the Newport Jazz Festival that same year. For many of the participants, the two-month trip was a formative experience. (Long version of my \u201cDetour Ahead\u201d column from <em>Jazz Podium<\/em>, 12\/1 2024\/2025)<\/td><td><img decoding=\"async\" src=\"https:\/\/wolframknauer.de\/wp-content\/uploads\/2026\/01\/image-3.png\" alt=\"\"><\/td><\/tr><\/tbody><\/table><\/figure>\n\n\n\n<figure class=\"wp-block-table\"><table class=\"has-fixed-layout\"><tbody><tr><td><a href=\"https:\/\/wolframknauer.de\/en\/black-beauty-black-power\/\" data-type=\"post\" data-id=\"368\"><img decoding=\"async\" src=\"https:\/\/wolframknauer.de\/wp-content\/uploads\/2025\/03\/415fx20HBUL._UF10001000_QL80_.jpg\" alt=\"\"><\/a><\/td><td class=\"translation-block\"><a href=\"https:\/\/wolframknauer.de\/en\/black-beauty-black-power\/\" data-type=\"\u201cpost\u201d\" data-id=\"\u201c368\u201d\" target=\"_self\"><strong>Black Beauty \u2013 Black Power<\/strong><\/a><br><a href=\"https:\/\/wolframknauer.de\/en\/black-beauty-black-power\/\" data-type=\"\u201cpost\u201d\" data-id=\"\u201c368\u201d\" target=\"_self\"><br><\/a><strong>Tradition and Revolution in the Music of John Coltrane, as Depicted in Various Interpretations of <em>My Favorite Things<\/em><\/strong><br><br>This essay appeared in 1998 in the commemorative publication for Alfons Michael Dauer.<\/td><\/tr><\/tbody><\/table><\/figure>\n\n\n\n<figure class=\"wp-block-table\"><table class=\"has-fixed-layout\"><tbody><tr><td class=\"translation-block\"><a href=\"https:\/\/wolframknauer.de\/en\/jazz-meets-the-world\/\" data-type=\"\u201cpost\u201d\" data-id=\"\u201c356\u201d\" target=\"_self\"><strong>Jazz Meets the World<\/strong><br><\/a><br>In the late 1960s, Joachim Ernst Berendt released a series of records under the title \u201cJazz Meets the World.\u201d For a re-release in 1997, I had the privilege of writing the liner notes for the two CDs \u201cJazz Meets Europe\u201d and \u201cJazz Meets Africa.\u201d<\/td><td><a href=\"https:\/\/wolframknauer.de\/en\/jazz-meets-the-world\/\" data-type=\"post\" data-id=\"356\"><img decoding=\"async\" src=\"https:\/\/wolframknauer.de\/wp-content\/uploads\/2025\/03\/image-3.png\" alt=\"\"><\/a><\/td><\/tr><\/tbody><\/table><\/figure>\n\n\n\n<figure class=\"wp-block-table\"><table class=\"has-fixed-layout\"><tbody><tr><td><a href=\"https:\/\/wolframknauer.de\/en\/architecture_and_jazz\/\" data-type=\"post\" data-id=\"1\"><img decoding=\"async\" src=\"https:\/\/wolframknauer.de\/wp-content\/uploads\/2023\/12\/Jazz_and_Architecture_04-1024x809.png\" alt=\"\"><\/a><\/td><td><strong><a href=\"https:\/\/wolframknauer.de\/en\/architecture_and_jazz\/\" data-type=\"post\" data-id=\"1\">Jazz and architecture<\/a><\/strong><br><br>I gave this lecture as part of the Jazz Studies Group at Columbia University, New York, in April 2018. The topic of that year&#8217;s group was &#8222;Planning the city \u2013 learning from jazz&#8220;<\/td><\/tr><\/tbody><\/table><\/figure>\n\n\n\n<figure class=\"wp-block-table\"><table class=\"has-fixed-layout\"><tbody><tr><td><strong><a href=\"https:\/\/wolframknauer.de\/en\/utopie\/\" data-type=\"post\" data-id=\"76\">What could be more political than creating a utopia?<\/a> <\/strong><br><strong>Jazz as a musical practice of the present<\/strong><br><br>This essay was published in <em>Musik und \u00c4sthetik<\/em>, Jg. 22, Heft 86, April 2018: 80-84<br><br><br><br><br><br><br><br><br><\/td><td><a href=\"https:\/\/wolframknauer.de\/en\/utopie\/\" data-type=\"post\" data-id=\"76\"><img decoding=\"async\" src=\"https:\/\/wolframknauer.de\/wp-content\/uploads\/2024\/01\/image-2-668x1024.png\" alt=\"\"><\/a><\/td><\/tr><\/tbody><\/table><\/figure>\n\n\n\n<figure class=\"wp-block-table\"><table class=\"has-fixed-layout\"><tbody><tr><td><a href=\"https:\/\/wolframknauer.de\/en\/transformations\/\" data-type=\"post\" data-id=\"85\"><img decoding=\"async\" src=\"https:\/\/wolframknauer.de\/wp-content\/uploads\/2024\/01\/image.png\" alt=\"\"><\/a><\/td><td><a href=\"https:\/\/wolframknauer.de\/en\/transformations\/\" data-type=\"post\" data-id=\"85\"><strong>Transformations and Further Passages<\/strong><\/a><br><strong>The Clarinet Trio<\/strong><br><br>liner notes f\u00fcr das Album &#8222;Transformations and Further Passages&#8220; von The Clarinet Trio mit Gebhard Ullmann, Michael Thiele, J\u00fcrgen Kupke (2021)<br><br><br><\/td><\/tr><\/tbody><\/table><\/figure>\n\n\n\n<figure class=\"wp-block-table\"><table class=\"has-fixed-layout\"><tbody><tr><td class=\"translation-block\"><strong><a href=\"https:\/\/wolframknauer.de\/en\/broetzmann\/\" data-type=\"\u201cpost\u201d\" data-id=\"\u201c101\u201d\" target=\"_self\">1968 \u2013 Bremen \u2013 Br\u00f6tzmann<\/a><\/strong><br><strong>A reflection on the unintentional revolutionary nature of a jazz album<\/strong><br><br>This lecture was given as part of the series of events celebrating \u201c50 Years of Peter Br\u00f6tzmann's <em>Machine Gun<\/em>\u201d in May 2018 in Bremen. On the evening after the lecture, Br\u00f6tzmann played in a trio with Alexander von Schlippenbach and Han Bennink at the Lila Eule.<\/td><td><a href=\"https:\/\/wolframknauer.de\/en\/broetzmann\/\" data-type=\"post\" data-id=\"101\"><img decoding=\"async\" src=\"https:\/\/wolframknauer.de\/wp-content\/uploads\/2024\/01\/image-1024x477.jpeg\" alt=\"\"><\/a><\/td><\/tr><\/tbody><\/table><\/figure>\n\n\n\n<figure class=\"wp-block-table\"><table class=\"has-fixed-layout\"><tbody><tr><td><a href=\"https:\/\/wolframknauer.de\/en\/james_reese_europe\/\" data-type=\"post\" data-id=\"130\"><img decoding=\"async\" src=\"https:\/\/wolframknauer.de\/wp-content\/uploads\/2025\/03\/james-reese-europe.jpg\" alt=\"\"><\/a><\/td><td class=\"translation-block\"><strong><a href=\"https:\/\/wolframknauer.de\/en\/james_reese_europe\/\" data-type=\"\u201cpost\u201d\" data-id=\"\u201c130\u201d\" target=\"_self\"> \u201cOn Patrol in No Man's Land\u201d<\/a><\/strong><br><strong>A tribute to the recordings of James Reese Europe<br><\/strong><br>This essay originally appeared in the May 2019 issue of <em>Jazz Podium<\/em>.<\/td><\/tr><\/tbody><\/table><\/figure>\n\n\n\n<figure class=\"wp-block-table\"><table class=\"has-fixed-layout\"><tbody><tr><td><strong><a href=\"https:\/\/wolframknauer.de\/en\/cecil_taylor\/\" data-type=\"post\" data-id=\"137\">Cecil Percival Taylor<\/a><\/strong><br><br>I wrote this essay about Cecil Taylor as composer together with two other essays (on Jelly Roll Morton and John Lewis) for the two-volume <em>International Dictionary of Black Composers<\/em>, edited by Samuel A. Floyd Jr., published in 1999<br><br><br><\/td><td><a href=\"https:\/\/wolframknauer.de\/en\/cecil_taylor\/\" data-type=\"post\" data-id=\"137\"><img decoding=\"async\" src=\"https:\/\/wolframknauer.de\/wp-content\/uploads\/2024\/01\/image-7.png\" alt=\"\"><\/a><\/td><\/tr><\/tbody><\/table><\/figure>\n\n\n\n<figure class=\"wp-block-table\"><table class=\"has-fixed-layout\"><tbody><tr><td><a href=\"https:\/\/wolframknauer.de\/en\/blow-your-horn\/\" data-type=\"post\" data-id=\"158\"><img decoding=\"async\" src=\"https:\/\/wolframknauer.de\/wp-content\/uploads\/2024\/01\/Deutschland_Berlin_Jazzfest_2016-e1704643971560-edited-1.jpg\" alt=\"\"><\/a><\/td><td class=\"translation-block\"><strong><a href=\"https:\/\/wolframknauer.de\/en\/blow-your-horn\/\" data-type=\"\u201cpost\u201d\" data-id=\"\u201c158\u201d\" target=\"_self\">Blow your horn, man! <\/a><\/strong><br><strong>On the questionable aesthetics of masculinity in jazz<\/strong><br><br>I wrote this text for the program booklet of the 53rd Jazzfest Berlin, for which festival director Richard Williams achieved gender parity among band leaders for the first time.<\/td><\/tr><\/tbody><\/table><\/figure>\n\n\n\n<figure class=\"wp-block-table\"><table class=\"has-fixed-layout\"><tbody><tr><td class=\"translation-block\"><strong><a href=\"https:\/\/wolframknauer.de\/en\/dann-spielen-wir-was-sie-dirigieren\/\" data-type=\"\u201cpost\u201d\" data-id=\"\u2018201\u2019\" target=\"_self\">\u201cThen we'll play what you conduct!\u201d <\/a><\/strong><br><strong>An overview of the tradition of composition and conducting in jazz<\/strong><br><br>This article originally appeared in the volume edited by Alexander Dr\u010dar and Wolfgang Gratzer, <em>Komponieren &amp; Dirigieren. Doppelbegabungen als Thema der Interpretationsgeschichte<\/em> (Freiburg 2017).<\/td><td><a href=\"https:\/\/wolframknauer.de\/en\/dann-spielen-wir-was-sie-dirigieren\/\" data-type=\"post\" data-id=\"201\"><img decoding=\"async\" src=\"https:\/\/wolframknauer.de\/wp-content\/uploads\/2025\/03\/Alexander-Gratzer-DrcarKomponieren-Dirigieren-Doppelbegabungen-als-Thema-der.jpg\" alt=\"\"><\/a><\/td><\/tr><\/tbody><\/table><\/figure>\n\n\n\n<figure class=\"wp-block-table\"><table class=\"has-fixed-layout\"><tbody><tr><td><a href=\"https:\/\/wolframknauer.de\/en\/medieval-blues\/\" data-type=\"post\" data-id=\"211\"><img decoding=\"async\" src=\"https:\/\/wolframknauer.de\/wp-content\/uploads\/2024\/04\/image-1.png\" alt=\"\"><\/a><\/td><td class=\"translation-block\"><strong><a href=\"https:\/\/wolframknauer.de\/en\/ medieval-blues\u201c data-type=\u2018post\u2019 data-id=\u201d211\/\" target=\"_self\">Medieval Blues<\/a><\/strong><br><strong>Notes on projects involving jazz and medieval music<\/strong><br><br>This article, written in 1998, appeared in the volume edited by Wolfgang Gratzer and Hartmut M\u00f6ller, <em>\u00dcbersetzte Zeit. The Middle Ages and Contemporary Music<\/em><\/td><\/tr><\/tbody><\/table><\/figure>\n\n\n\n<p><\/p>","protected":false},"excerpt":{"rendered":"<p>Eine Auswahl an Essays und Vortr\u00e4gen, die ich \u00fcber die Jahre geschrieben bzw. gehalten habe; hier, wo es geht, erg\u00e4nzt um Abbildungen bzw. Musikbeispiele. Melba Liston Portrait der Posaunistin und Arrangeurin Melba Liston mit H\u00f6rbeispielen (ausf\u00fchrliche Langfassung meiner &#8222;Detour Ahead&#8220;-Kolumne aus dem Jazz Podium, 2-3\/2025) Janusz Stefanski Ansage zu einem Benefiz-Konzert f\u00fcr den Schlagzeuger Janusz [&hellip;]<\/p>\n","protected":false},"author":1,"featured_media":0,"parent":0,"menu_order":0,"comment_status":"closed","ping_status":"closed","template":"","meta":{"footnotes":""},"class_list":["post-341","page","type-page","status-publish","hentry"],"_links":{"self":[{"href":"https:\/\/wolframknauer.de\/en\/wp-json\/wp\/v2\/pages\/341","targetHints":{"allow":["GET"]}}],"collection":[{"href":"https:\/\/wolframknauer.de\/en\/wp-json\/wp\/v2\/pages"}],"about":[{"href":"https:\/\/wolframknauer.de\/en\/wp-json\/wp\/v2\/types\/page"}],"author":[{"embeddable":true,"href":"https:\/\/wolframknauer.de\/en\/wp-json\/wp\/v2\/users\/1"}],"replies":[{"embeddable":true,"href":"https:\/\/wolframknauer.de\/en\/wp-json\/wp\/v2\/comments?post=341"}],"version-history":[{"count":23,"href":"https:\/\/wolframknauer.de\/en\/wp-json\/wp\/v2\/pages\/341\/revisions"}],"predecessor-version":[{"id":518,"href":"https:\/\/wolframknauer.de\/en\/wp-json\/wp\/v2\/pages\/341\/revisions\/518"}],"wp:attachment":[{"href":"https:\/\/wolframknauer.de\/en\/wp-json\/wp\/v2\/media?parent=341"}],"curies":[{"name":"wp","href":"https:\/\/api.w.org\/{rel}","templated":true}]}}