{"id":336,"date":"2025-03-12T12:31:12","date_gmt":"2025-03-12T12:31:12","guid":{"rendered":"https:\/\/wolframknauer.de\/?page_id=336"},"modified":"2025-03-12T12:31:12","modified_gmt":"2025-03-12T12:31:12","slug":"wolfram-knauer-2","status":"publish","type":"page","link":"https:\/\/wolframknauer.de\/en\/","title":{"rendered":"Wolfram Knauer"},"content":{"rendered":"<figure class=\"wp-block-image\"><img decoding=\"async\" src=\"https:\/\/wolframknauer.de\/wp-content\/uploads\/2024\/01\/Knauer_Wolfram_2016_03_Johanna_Hilbig_02-1024x682.jpg\" alt=\"Dieses Bild hat ein leeres Alt-Attribut. Der Dateiname ist Knauer_Wolfram_2016_03_Johanna_Hilbig_02-1024x682.jpg\"\/><figcaption class=\"wp-element-caption\">Foto: Johanna Hilbig<\/figcaption><\/figure>\n\n\n\n<h2 class=\"wp-block-heading\">Texts about music<\/h2>\n\n\n\n<p>Wolfram Knauer is a musicologist, jazz researcher, author and lecturer. From 1990 to 2024 he was the founding director of the Jazzinstitut Darmstadt. He teaches as an honorary professor at Johannes Gutenberg University Mainz. Wolfram Knauer lives in Darmstadt.<\/p>","protected":false},"excerpt":{"rendered":"<p>Texte \u00fcber Musik Wolfram Knauer ist Musikwissenschaftler, Jazzforscher, Buchautor, Vortragender. Von 1990 bis 2024 war er Gr\u00fcndungsdirektor des Jazzinstituts Darmstadt. Er unterrichtet als Honorarprofessor an der Johannes Gutenberg Universit\u00e4t Mainz. Wolfram Knauer lebt in Darmstadt.<\/p>","protected":false},"author":1,"featured_media":0,"parent":0,"menu_order":0,"comment_status":"closed","ping_status":"closed","template":"","meta":{"footnotes":""},"class_list":["post-336","page","type-page","status-publish","hentry"],"_links":{"self":[{"href":"https:\/\/wolframknauer.de\/en\/wp-json\/wp\/v2\/pages\/336","targetHints":{"allow":["GET"]}}],"collection":[{"href":"https:\/\/wolframknauer.de\/en\/wp-json\/wp\/v2\/pages"}],"about":[{"href":"https:\/\/wolframknauer.de\/en\/wp-json\/wp\/v2\/types\/page"}],"author":[{"embeddable":true,"href":"https:\/\/wolframknauer.de\/en\/wp-json\/wp\/v2\/users\/1"}],"replies":[{"embeddable":true,"href":"https:\/\/wolframknauer.de\/en\/wp-json\/wp\/v2\/comments?post=336"}],"version-history":[{"count":1,"href":"https:\/\/wolframknauer.de\/en\/wp-json\/wp\/v2\/pages\/336\/revisions"}],"predecessor-version":[{"id":337,"href":"https:\/\/wolframknauer.de\/en\/wp-json\/wp\/v2\/pages\/336\/revisions\/337"}],"wp:attachment":[{"href":"https:\/\/wolframknauer.de\/en\/wp-json\/wp\/v2\/media?parent=336"}],"curies":[{"name":"wp","href":"https:\/\/api.w.org\/{rel}","templated":true}]}}